{"id":21,"date":"2026-05-12T21:36:29","date_gmt":"2026-05-12T19:36:29","guid":{"rendered":"https:\/\/bratniedusze.org\/?page_id=21"},"modified":"2026-05-12T22:56:19","modified_gmt":"2026-05-12T20:56:19","slug":"strona-glowna","status":"publish","type":"page","link":"https:\/\/bratniedusze.org\/","title":{"rendered":"Strona g\u0142\u00f3wna"},"content":{"rendered":"\t\t<div data-elementor-type=\"wp-page\" data-elementor-id=\"21\" class=\"elementor elementor-21\" data-elementor-post-type=\"page\">\n\t\t\t\t<div class=\"elementor-element elementor-element-0edfc28 e-flex e-con-boxed e-con e-parent\" data-id=\"0edfc28\" data-element_type=\"container\" data-e-type=\"container\">\n\t\t\t\t\t<div class=\"e-con-inner\">\n\t\t<div class=\"elementor-element elementor-element-f124590 e-con-full e-flex e-con e-child\" data-id=\"f124590\" data-element_type=\"container\" data-e-type=\"container\">\n\t\t\t\t<div class=\"elementor-element elementor-element-73a9080 elementor-widget elementor-widget-image\" data-id=\"73a9080\" data-element_type=\"widget\" data-e-type=\"widget\" data-widget_type=\"image.default\">\n\t\t\t\t\t\t\t\t\t\t\t\t\t\t\t<img fetchpriority=\"high\" decoding=\"async\" width=\"766\" height=\"1024\" src=\"https:\/\/bratniedusze.org\/wp-content\/uploads\/2026\/05\/1-tlo-1-766x1024.webp\" class=\"attachment-large size-large wp-image-31\" alt=\"\" srcset=\"https:\/\/bratniedusze.org\/wp-content\/uploads\/2026\/05\/1-tlo-1-766x1024.webp 766w, https:\/\/bratniedusze.org\/wp-content\/uploads\/2026\/05\/1-tlo-1-224x300.webp 224w, https:\/\/bratniedusze.org\/wp-content\/uploads\/2026\/05\/1-tlo-1-768x1027.webp 768w, https:\/\/bratniedusze.org\/wp-content\/uploads\/2026\/05\/1-tlo-1-1149x1536.webp 1149w, https:\/\/bratniedusze.org\/wp-content\/uploads\/2026\/05\/1-tlo-1.webp 1434w\" sizes=\"(max-width: 766px) 100vw, 766px\" \/>\t\t\t\t\t\t\t\t\t\t\t\t\t\t\t<\/div>\n\t\t\t\t<\/div>\n\t\t<div class=\"elementor-element elementor-element-fef3375 e-con-full e-flex e-con e-child\" data-id=\"fef3375\" data-element_type=\"container\" data-e-type=\"container\">\n\t\t\t\t<div class=\"elementor-element elementor-element-e01cd4a elementor-widget elementor-widget-heading\" data-id=\"e01cd4a\" data-element_type=\"widget\" data-e-type=\"widget\" data-widget_type=\"heading.default\">\n\t\t\t\t\t<h1 class=\"elementor-heading-title elementor-size-default\">Kurs \"Chod\u017acie i zobaczcie\"<\/h1>\t\t\t\t<\/div>\n\t\t\t\t<div class=\"elementor-element elementor-element-be2df3d elementor-widget elementor-widget-text-editor\" data-id=\"be2df3d\" data-element_type=\"widget\" data-e-type=\"widget\" data-widget_type=\"text-editor.default\">\n\t\t\t\t\t\t\t\t\t<p>\u201eChod\u017acie i zobaczcie\u201d, takimi s\u0142owami Jezus odpowiada dw\u00f3m m\u0119\u017cczyznom na pytanie, gdzie mieszka. Ci dwaj m\u0119\u017cczy\u017ani zostali p\u00f3\u017aniej Jego uczniami.<\/p><p>U samego pocz\u0105tku stania si\u0119 chrze\u015bcijaninem jest do\u015bwiadczenie Boga, Kt\u00f3ry jest prawdziwy, kocha i dzia\u0142a w naszym \u017cyciu. Tego w\u0142a\u015bnie doznali przyszli uczniowie Jezusa. Mogli wej\u015b\u0107 w przestrze\u0144 Jego \u017cycia, sp\u0119dza\u0107 z Nim czas, a przede wszystkim rozpocz\u0105\u0107 fascynuj\u0105cy proces rozwoju swojej wiary i relacji ze swoim Mistrzem.<\/p>\t\t\t\t\t\t\t\t<\/div>\n\t\t\t\t<div class=\"elementor-element elementor-element-5ef24d0 elementor-widget elementor-widget-heading\" data-id=\"5ef24d0\" data-element_type=\"widget\" data-e-type=\"widget\" data-widget_type=\"heading.default\">\n\t\t\t\t\t<h2 class=\"elementor-heading-title elementor-size-default\">Kup teraz 25% taniej. Do ko\u0144ca promocji pozosta\u0142o<\/h2>\t\t\t\t<\/div>\n\t\t\t\t<div class=\"elementor-element elementor-element-e1b39e5 elementor-countdown--label-block elementor-widget elementor-widget-countdown\" data-id=\"e1b39e5\" data-element_type=\"widget\" data-e-type=\"widget\" data-widget_type=\"countdown.default\">\n\t\t\t\t\t\t\t<div class=\"elementor-countdown-wrapper\" data-date=\"1784577060\">\n\t\t\t<div class=\"elementor-countdown-item\"><span class=\"elementor-countdown-digits elementor-countdown-days\"><\/span> <span class=\"elementor-countdown-label\">Dni<\/span><\/div><div class=\"elementor-countdown-item\"><span class=\"elementor-countdown-digits elementor-countdown-hours\"><\/span> <span class=\"elementor-countdown-label\">Godzin<\/span><\/div><div class=\"elementor-countdown-item\"><span class=\"elementor-countdown-digits elementor-countdown-minutes\"><\/span> <span class=\"elementor-countdown-label\">Minut<\/span><\/div><div class=\"elementor-countdown-item\"><span class=\"elementor-countdown-digits elementor-countdown-seconds\"><\/span> <span class=\"elementor-countdown-label\">Sekund<\/span><\/div>\t\t<\/div>\n\t\t\t\t\t\t<\/div>\n\t\t<div class=\"elementor-element elementor-element-86f0ddf e-con-full e-flex e-con e-child\" data-id=\"86f0ddf\" data-element_type=\"container\" data-e-type=\"container\">\n\t\t<div class=\"elementor-element elementor-element-eb81954 e-con-full e-flex e-con e-child\" data-id=\"eb81954\" data-element_type=\"container\" data-e-type=\"container\">\n\t\t\t\t<div class=\"elementor-element elementor-element-d25fbdd elementor-widget elementor-widget-heading\" data-id=\"d25fbdd\" data-element_type=\"widget\" data-e-type=\"widget\" data-widget_type=\"heading.default\">\n\t\t\t\t\t<div class=\"elementor-heading-title elementor-size-default\">399,99 z\u0142<\/div>\t\t\t\t<\/div>\n\t\t\t\t<div class=\"elementor-element elementor-element-b65014e elementor-widget elementor-widget-heading\" data-id=\"b65014e\" data-element_type=\"widget\" data-e-type=\"widget\" data-widget_type=\"heading.default\">\n\t\t\t\t\t<div class=\"elementor-heading-title elementor-size-default\">499,99 z\u0142<\/div>\t\t\t\t<\/div>\n\t\t\t\t<\/div>\n\t\t<div class=\"elementor-element elementor-element-3dd95ec e-con-full e-flex e-con e-child\" data-id=\"3dd95ec\" data-element_type=\"container\" data-e-type=\"container\">\n\t\t\t\t<div class=\"elementor-element elementor-element-ac08bb2 elementor-widget elementor-widget-button\" data-id=\"ac08bb2\" data-element_type=\"widget\" data-e-type=\"widget\" data-widget_type=\"button.default\">\n\t\t\t\t\t\t\t\t\t\t<a class=\"elementor-button elementor-button-link elementor-size-sm\" href=\"#\">\n\t\t\t\t\t\t<span class=\"elementor-button-content-wrapper\">\n\t\t\t\t\t\t\t\t\t<span class=\"elementor-button-text\">Sprawd\u017a teraz<\/span>\n\t\t\t\t\t<\/span>\n\t\t\t\t\t<\/a>\n\t\t\t\t\t\t\t\t<\/div>\n\t\t\t\t<\/div>\n\t\t\t\t<\/div>\n\t\t<div class=\"elementor-element elementor-element-efaed56 e-con-full e-flex e-con e-child\" data-id=\"efaed56\" data-element_type=\"container\" data-e-type=\"container\">\n\t\t\t\t<div class=\"elementor-element elementor-element-820e0bf elementor-widget elementor-widget-text-editor\" data-id=\"820e0bf\" data-element_type=\"widget\" data-e-type=\"widget\" data-widget_type=\"text-editor.default\">\n\t\t\t\t\t\t\t\t\t<p>Tytu\u0142 pierwszej cz\u0119\u015bci programu \u201eOd spotkania do \u015bwiadectwa: droga duchowego rozwoju\u201d nawi\u0105zuje do tamtego wydarzenia, kt\u00f3re odmieni\u0142o \u017cycie tych dwoje ludzi na zawsze &#8211; jednocze\u015bnie poci\u0105gaj\u0105c do Jezusa kolejne osoby. Prze\u017cywanie i rozw\u00f3j wiary jest procesem trwaj\u0105cym ca\u0142e \u017cycie. Przedstawiony poni\u017cej program ma s\u0142u\u017cy\u0107 jako pomoc w szukaniu odpowiedzi na wyzwania stawiane nam przez wsp\u00f3\u0142czesno\u015b\u0107. Otrzymujecie do dyspozycji narz\u0119dzie, nad kt\u00f3rym pracowa\u0142em ponad trzy lata. Jest ono owocem codziennej modlitwy, pracy duszpasterskiej w parafiach, szko\u0142ach, wsp\u00f3lnotach m\u0142odzie\u017cowych i organizacji r\u00f3\u017cnorodnych wydarze\u0144 wangelizacyjnych.<\/p>\t\t\t\t\t\t\t\t<\/div>\n\t\t\t\t<\/div>\n\t\t\t\t<\/div>\n\t\t\t\t\t<\/div>\n\t\t\t\t<\/div>\n\t\t<div class=\"elementor-element elementor-element-a7bdb24 e-flex e-con-boxed e-con e-parent\" data-id=\"a7bdb24\" data-element_type=\"container\" data-e-type=\"container\">\n\t\t\t\t\t<div class=\"e-con-inner\">\n\t\t<div class=\"elementor-element elementor-element-b54066f e-con-full e-flex e-con e-child\" data-id=\"b54066f\" data-element_type=\"container\" data-e-type=\"container\">\n\t\t\t\t<div class=\"elementor-element elementor-element-981dd58 elementor-widget elementor-widget-text-editor\" data-id=\"981dd58\" data-element_type=\"widget\" data-e-type=\"widget\" data-widget_type=\"text-editor.default\">\n\t\t\t\t\t\t\t\t\t<p><em>&#8222;Program dedykuj\u0119 w spos\u00f3b szczeg\u00f3lny M\u0142odzie\u017cy, kt\u00f3r\u0105 spotka\u0142em na mojej drodze, a kt\u00f3rej otwarto\u015b\u0107, spontaniczno\u015b\u0107 i kreatywno\u015b\u0107 pobudzi\u0142y moje serce do stworzenia niniejszego projektu. Z ca\u0142ego serca dzi\u0119kuj\u0119 wszystkim, dzi\u0119ki kt\u00f3rym to dzie\u0142o powsta\u0142o. Dzi\u0119kuj\u0119 za wsp\u00f3ln\u0105 modlitw\u0119, spotkania, katechezy, dyskusje i tworzenie przestrzeni rozwoju. Mam g\u0142\u0119bok\u0105 nadziej\u0119, \u017ce to dopiero pocz\u0105tek czego\u015b, co b\u0119dziemy mogli razem budowa\u0107 na chwa\u0142\u0119 Pana.&#8221;<\/em><\/p>\t\t\t\t\t\t\t\t<\/div>\n\t\t\t\t<div class=\"elementor-element elementor-element-a8bd421 elementor-widget elementor-widget-heading\" data-id=\"a8bd421\" data-element_type=\"widget\" data-e-type=\"widget\" data-widget_type=\"heading.default\">\n\t\t\t\t\t<h2 class=\"elementor-heading-title elementor-size-default\">o. Benedykt Maciej Stolarski<\/h2>\t\t\t\t<\/div>\n\t\t\t\t<\/div>\n\t\t<div class=\"elementor-element elementor-element-4dbbc14 e-con-full e-flex e-con e-child\" data-id=\"4dbbc14\" data-element_type=\"container\" data-e-type=\"container\">\n\t\t\t\t<div class=\"elementor-element elementor-element-6333d8f elementor-widget elementor-widget-image\" data-id=\"6333d8f\" data-element_type=\"widget\" data-e-type=\"widget\" data-widget_type=\"image.default\">\n\t\t\t\t\t\t\t\t\t\t\t\t\t\t\t<img decoding=\"async\" width=\"472\" height=\"600\" src=\"https:\/\/bratniedusze.org\/wp-content\/uploads\/2026\/05\/benedykt.webp\" class=\"attachment-large size-large wp-image-72\" alt=\"\" srcset=\"https:\/\/bratniedusze.org\/wp-content\/uploads\/2026\/05\/benedykt.webp 472w, https:\/\/bratniedusze.org\/wp-content\/uploads\/2026\/05\/benedykt-236x300.webp 236w\" sizes=\"(max-width: 472px) 100vw, 472px\" \/>\t\t\t\t\t\t\t\t\t\t\t\t\t\t\t<\/div>\n\t\t\t\t<\/div>\n\t\t\t\t\t<\/div>\n\t\t\t\t<\/div>\n\t\t<div class=\"elementor-element elementor-element-253fb6f e-con-full e-flex e-con e-parent\" data-id=\"253fb6f\" data-element_type=\"container\" data-e-type=\"container\">\n\t\t<div class=\"elementor-element elementor-element-037b955 e-con-full e-flex e-con e-child\" data-id=\"037b955\" data-element_type=\"container\" data-e-type=\"container\">\n\t\t\t\t<div class=\"elementor-element elementor-element-98d459f elementor-widget elementor-widget-image\" data-id=\"98d459f\" data-element_type=\"widget\" data-e-type=\"widget\" data-widget_type=\"image.default\">\n\t\t\t\t\t\t\t\t\t\t\t\t\t\t\t<img decoding=\"async\" width=\"800\" height=\"830\" src=\"https:\/\/bratniedusze.org\/wp-content\/uploads\/2026\/05\/benedeykt12-987x1024.webp\" class=\"attachment-large size-large wp-image-80\" alt=\"\" srcset=\"https:\/\/bratniedusze.org\/wp-content\/uploads\/2026\/05\/benedeykt12-987x1024.webp 987w, https:\/\/bratniedusze.org\/wp-content\/uploads\/2026\/05\/benedeykt12-289x300.webp 289w, https:\/\/bratniedusze.org\/wp-content\/uploads\/2026\/05\/benedeykt12-768x797.webp 768w, https:\/\/bratniedusze.org\/wp-content\/uploads\/2026\/05\/benedeykt12-1480x1536.webp 1480w, https:\/\/bratniedusze.org\/wp-content\/uploads\/2026\/05\/benedeykt12-1974x2048.webp 1974w\" sizes=\"(max-width: 800px) 100vw, 800px\" \/>\t\t\t\t\t\t\t\t\t\t\t\t\t\t\t<\/div>\n\t\t\t\t<\/div>\n\t\t<div class=\"elementor-element elementor-element-bbb70c4 e-con-full e-flex e-con e-child\" data-id=\"bbb70c4\" data-element_type=\"container\" data-e-type=\"container\">\n\t\t\t\t<div class=\"elementor-element elementor-element-45f3806 elementor-widget elementor-widget-heading\" data-id=\"45f3806\" data-element_type=\"widget\" data-e-type=\"widget\" data-widget_type=\"heading.default\">\n\t\t\t\t\t<h2 class=\"elementor-heading-title elementor-size-default\">Przetestuj rozdzia\u0142 1. zupe\u0142nie za darmo<\/h2>\t\t\t\t<\/div>\n\t\t\t\t<div class=\"elementor-element elementor-element-f1e8e3c elementor-widget elementor-widget-text-editor\" data-id=\"f1e8e3c\" data-element_type=\"widget\" data-e-type=\"widget\" data-widget_type=\"text-editor.default\">\n\t\t\t\t\t\t\t\t\t<p>Wype\u0142nij poni\u017cszy formularz i otrzymaj Rozdzia\u0142 1. aby przetestowa\u0107 Kurs podczas zaj\u0119\u0107 Twojej grupy.\u00a0<\/p>\t\t\t\t\t\t\t\t<\/div>\n\t\t\t\t<div class=\"elementor-element elementor-element-e9aa4fd elementor-button-align-stretch elementor-widget elementor-widget-form\" data-id=\"e9aa4fd\" data-element_type=\"widget\" data-e-type=\"widget\" data-settings=\"{&quot;step_next_label&quot;:&quot;Next&quot;,&quot;step_previous_label&quot;:&quot;Previous&quot;,&quot;button_width&quot;:&quot;100&quot;,&quot;step_type&quot;:&quot;number_text&quot;,&quot;step_icon_shape&quot;:&quot;circle&quot;}\" data-widget_type=\"form.default\">\n\t\t\t\t\t\t\t<form class=\"elementor-form\" method=\"post\" name=\"New Form\" aria-label=\"New Form\">\n\t\t\t<input type=\"hidden\" name=\"post_id\" value=\"21\"\/>\n\t\t\t<input type=\"hidden\" name=\"form_id\" value=\"e9aa4fd\"\/>\n\t\t\t<input type=\"hidden\" name=\"referer_title\" value=\"\" \/>\n\n\t\t\t\t\t\t\t<input type=\"hidden\" name=\"queried_id\" value=\"21\"\/>\n\t\t\t\n\t\t\t<div class=\"elementor-form-fields-wrapper elementor-labels-above\">\n\t\t\t\t\t\t\t\t<div class=\"elementor-field-type-text elementor-field-group elementor-column elementor-field-group-name elementor-col-100 elementor-field-required elementor-mark-required\">\n\t\t\t\t\t\t\t\t\t\t\t\t<label for=\"form-field-name\" class=\"elementor-field-label\">\n\t\t\t\t\t\t\t\tImi\u0119 i nazwisko\t\t\t\t\t\t\t<\/label>\n\t\t\t\t\t\t\t\t\t\t\t\t\t\t<input size=\"1\" type=\"text\" name=\"form_fields[name]\" id=\"form-field-name\" class=\"elementor-field elementor-size-sm  elementor-field-textual\" required=\"required\">\n\t\t\t\t\t\t\t\t\t\t\t<\/div>\n\t\t\t\t\t\t\t\t<div class=\"elementor-field-type-email elementor-field-group elementor-column elementor-field-group-email elementor-col-100 elementor-field-required elementor-mark-required\">\n\t\t\t\t\t\t\t\t\t\t\t\t<label for=\"form-field-email\" class=\"elementor-field-label\">\n\t\t\t\t\t\t\t\tAdres e-mail\t\t\t\t\t\t\t<\/label>\n\t\t\t\t\t\t\t\t\t\t\t\t\t\t<input size=\"1\" type=\"email\" name=\"form_fields[email]\" id=\"form-field-email\" class=\"elementor-field elementor-size-sm  elementor-field-textual\" required=\"required\">\n\t\t\t\t\t\t\t\t\t\t\t<\/div>\n\t\t\t\t\t\t\t\t<div class=\"elementor-field-type-tel elementor-field-group elementor-column elementor-field-group-field_9d3898d elementor-col-100 elementor-field-required elementor-mark-required\">\n\t\t\t\t\t\t\t\t\t\t\t\t<label for=\"form-field-field_9d3898d\" class=\"elementor-field-label\">\n\t\t\t\t\t\t\t\tTelefon\t\t\t\t\t\t\t<\/label>\n\t\t\t\t\t\t\t\t<input size=\"1\" type=\"tel\" name=\"form_fields[field_9d3898d]\" id=\"form-field-field_9d3898d\" class=\"elementor-field elementor-size-sm  elementor-field-textual\" required=\"required\" pattern=\"[0-9()#&amp;+*-=.]+\" title=\"Akceptowane s\u0105 jedynie cyfry i znaki telefoniczne (#,-,*).\">\n\n\t\t\t\t\t\t<\/div>\n\t\t\t\t\t\t\t\t<div class=\"elementor-field-group elementor-column elementor-field-type-submit elementor-col-100 e-form__buttons\">\n\t\t\t\t\t<button class=\"elementor-button elementor-size-sm\" type=\"submit\">\n\t\t\t\t\t\t<span class=\"elementor-button-content-wrapper\">\n\t\t\t\t\t\t\t\t\t\t\t\t\t\t\t\t\t\t\t\t\t\t<span class=\"elementor-button-text\">Wy\u015blij teraz<\/span>\n\t\t\t\t\t\t\t\t\t\t\t\t\t<\/span>\n\t\t\t\t\t<\/button>\n\t\t\t\t<\/div>\n\t\t\t<\/div>\n\t\t<\/form>\n\t\t\t\t\t\t<\/div>\n\t\t\t\t<\/div>\n\t\t\t\t<\/div>\n\t\t\t\t<\/div>\n\t\t","protected":false},"excerpt":{"rendered":"<p>Kurs &#8222;Chod\u017acie i zobaczcie&#8221; \u201eChod\u017acie i zobaczcie\u201d, takimi s\u0142owami Jezus odpowiada dw\u00f3m m\u0119\u017cczyznom na pytanie, gdzie mieszka. Ci dwaj m\u0119\u017cczy\u017ani zostali p\u00f3\u017aniej Jego uczniami. U samego pocz\u0105tku stania si\u0119 chrze\u015bcijaninem jest do\u015bwiadczenie Boga, Kt\u00f3ry jest prawdziwy, kocha i dzia\u0142a w naszym \u017cyciu. Tego w\u0142a\u015bnie doznali przyszli uczniowie Jezusa. Mogli wej\u015b\u0107 w przestrze\u0144 Jego \u017cycia, sp\u0119dza\u0107 [&hellip;]<\/p>\n","protected":false},"author":1,"featured_media":0,"parent":0,"menu_order":0,"comment_status":"closed","ping_status":"closed","template":"","meta":{"footnotes":""},"class_list":["post-21","page","type-page","status-publish","hentry"],"_links":{"self":[{"href":"https:\/\/bratniedusze.org\/wp-json\/wp\/v2\/pages\/21","targetHints":{"allow":["GET"]}}],"collection":[{"href":"https:\/\/bratniedusze.org\/wp-json\/wp\/v2\/pages"}],"about":[{"href":"https:\/\/bratniedusze.org\/wp-json\/wp\/v2\/types\/page"}],"author":[{"embeddable":true,"href":"https:\/\/bratniedusze.org\/wp-json\/wp\/v2\/users\/1"}],"replies":[{"embeddable":true,"href":"https:\/\/bratniedusze.org\/wp-json\/wp\/v2\/comments?post=21"}],"version-history":[{"count":73,"href":"https:\/\/bratniedusze.org\/wp-json\/wp\/v2\/pages\/21\/revisions"}],"predecessor-version":[{"id":116,"href":"https:\/\/bratniedusze.org\/wp-json\/wp\/v2\/pages\/21\/revisions\/116"}],"wp:attachment":[{"href":"https:\/\/bratniedusze.org\/wp-json\/wp\/v2\/media?parent=21"}],"curies":[{"name":"wp","href":"https:\/\/api.w.org\/{rel}","templated":true}]}}